{"id":8066,"date":"2025-01-31T14:17:59","date_gmt":"2025-01-31T13:17:59","guid":{"rendered":"https:\/\/shop.alunox.sk\/produkt\/uzavrety-profil-pre-vypln-100x18x13\/"},"modified":"2025-02-18T15:13:53","modified_gmt":"2025-02-18T14:13:53","slug":"uzavrety-profil-pre-vypln-100x18x13","status":"publish","type":"product","link":"https:\/\/shop.alunox.sk\/hu\/termek\/uzavrety-profil-pre-vypln-100x18x13\/","title":{"rendered":"Uzavret\u00fd profil pre v\u00fdpl\u0148 100x18x1,3"},"content":{"rendered":"<p>Uzavret\u00fd profil pre v\u00fdpl\u0148 100x18x1,3<\/p>","protected":false},"excerpt":{"rendered":"<p>Uzavret\u00fd profil pre v\u00fdpl\u0148 100x18x1,3<\/p>","protected":false},"featured_media":7927,"comment_status":"closed","ping_status":"open","template":"","meta":[],"product_cat":[62],"product_tag":[],"class_list":{"0":"post-8066","1":"product","2":"type-product","3":"status-publish","4":"has-post-thumbnail","6":"product_cat-plotovy-program","7":"pa_dlzka-132","8":"pa_hmotnost-534-kg","9":"pa_material-hlinik","10":"pa_vyska-138","12":"first","13":"instock","14":"taxable","15":"shipping-taxable","16":"purchasable","17":"product-type-simple"},"_links":{"self":[{"href":"https:\/\/shop.alunox.sk\/hu\/wp-json\/wp\/v2\/product\/8066","targetHints":{"allow":["GET"]}}],"collection":[{"href":"https:\/\/shop.alunox.sk\/hu\/wp-json\/wp\/v2\/product"}],"about":[{"href":"https:\/\/shop.alunox.sk\/hu\/wp-json\/wp\/v2\/types\/product"}],"replies":[{"embeddable":true,"href":"https:\/\/shop.alunox.sk\/hu\/wp-json\/wp\/v2\/comments?post=8066"}],"wp:featuredmedia":[{"embeddable":true,"href":"https:\/\/shop.alunox.sk\/hu\/wp-json\/wp\/v2\/media\/7927"}],"wp:attachment":[{"href":"https:\/\/shop.alunox.sk\/hu\/wp-json\/wp\/v2\/media?parent=8066"}],"wp:term":[{"taxonomy":"product_cat","embeddable":true,"href":"https:\/\/shop.alunox.sk\/hu\/wp-json\/wp\/v2\/product_cat?post=8066"},{"taxonomy":"product_tag","embeddable":true,"href":"https:\/\/shop.alunox.sk\/hu\/wp-json\/wp\/v2\/product_tag?post=8066"}],"curies":[{"name":"wp","href":"https:\/\/api.w.org\/{rel}","templated":true}]}}