{"id":8058,"date":"2025-01-31T14:17:59","date_gmt":"2025-01-31T13:17:59","guid":{"rendered":"https:\/\/shop.alunox.sk\/produkt\/plocha-tyc-80x5\/"},"modified":"2025-02-18T15:13:52","modified_gmt":"2025-02-18T14:13:52","slug":"plocha-tyc-80x5","status":"publish","type":"product","link":"https:\/\/shop.alunox.sk\/hu\/termek\/plocha-tyc-80x5\/","title":{"rendered":"Ploch\u00e1 ty\u010d 80&#215;5"},"content":{"rendered":"<p>Ploch\u00e1 ty\u010d 80&#215;5<\/p>","protected":false},"excerpt":{"rendered":"<p>Ploch\u00e1 ty\u010d 80&#215;5<\/p>","protected":false},"featured_media":7914,"comment_status":"closed","ping_status":"open","template":"","meta":[],"product_cat":[61],"product_tag":[],"class_list":{"0":"post-8058","1":"product","2":"type-product","3":"status-publish","4":"has-post-thumbnail","6":"product_cat-hlinikove-ploche-tyce","7":"pa_dlzka-132","8":"pa_hmotnost-648-kg","9":"pa_material-hlinik","10":"pa_vyska-128","12":"first","13":"instock","14":"taxable","15":"shipping-taxable","16":"purchasable","17":"product-type-simple"},"_links":{"self":[{"href":"https:\/\/shop.alunox.sk\/hu\/wp-json\/wp\/v2\/product\/8058","targetHints":{"allow":["GET"]}}],"collection":[{"href":"https:\/\/shop.alunox.sk\/hu\/wp-json\/wp\/v2\/product"}],"about":[{"href":"https:\/\/shop.alunox.sk\/hu\/wp-json\/wp\/v2\/types\/product"}],"replies":[{"embeddable":true,"href":"https:\/\/shop.alunox.sk\/hu\/wp-json\/wp\/v2\/comments?post=8058"}],"wp:featuredmedia":[{"embeddable":true,"href":"https:\/\/shop.alunox.sk\/hu\/wp-json\/wp\/v2\/media\/7914"}],"wp:attachment":[{"href":"https:\/\/shop.alunox.sk\/hu\/wp-json\/wp\/v2\/media?parent=8058"}],"wp:term":[{"taxonomy":"product_cat","embeddable":true,"href":"https:\/\/shop.alunox.sk\/hu\/wp-json\/wp\/v2\/product_cat?post=8058"},{"taxonomy":"product_tag","embeddable":true,"href":"https:\/\/shop.alunox.sk\/hu\/wp-json\/wp\/v2\/product_tag?post=8058"}],"curies":[{"name":"wp","href":"https:\/\/api.w.org\/{rel}","templated":true}]}}