{"id":7997,"date":"2025-01-31T14:17:42","date_gmt":"2025-01-31T13:17:42","guid":{"rendered":"https:\/\/shop.alunox.sk\/produkt\/vodiace-koliesko-o-80mm-pre-zapustenie-do-joklav-profil-nosnost-200kg\/"},"modified":"2025-02-18T15:13:48","modified_gmt":"2025-02-18T14:13:48","slug":"vodiace-koliesko-o-80mm-pre-zapustenie-do-joklav-profil-nosnost-200kg","status":"publish","type":"product","link":"https:\/\/shop.alunox.sk\/hu\/termek\/vodiace-koliesko-o-80mm-pre-zapustenie-do-joklav-profil-nosnost-200kg\/","title":{"rendered":"Vodiace koliesko \u00f8 80mm pre zapustenie do jokla,V profil, nosnos\u0165 200kg"},"content":{"rendered":"<p>Vodiace koliesko \u00f8 80mm pre zapustenie do jokla,V profil, nosnos\u0165 200kg<\/p>","protected":false},"excerpt":{"rendered":"<p>Vodiace koliesko \u00f8 80mm pre zapustenie do jokla,V profil, nosnos\u0165 200kg<\/p>","protected":false},"featured_media":7851,"comment_status":"closed","ping_status":"open","template":"","meta":[],"product_cat":[55],"product_tag":[],"class_list":{"0":"post-7997","1":"product","2":"type-product","3":"status-publish","4":"has-post-thumbnail","6":"product_cat-vodiace-kolieska","7":"pa_dlzka-127","8":"pa_hmotnost-0752-kg","9":"pa_material-pozinkovana-ocel","10":"pa_vyska-128","12":"first","13":"instock","14":"taxable","15":"shipping-taxable","16":"purchasable","17":"product-type-simple"},"_links":{"self":[{"href":"https:\/\/shop.alunox.sk\/hu\/wp-json\/wp\/v2\/product\/7997","targetHints":{"allow":["GET"]}}],"collection":[{"href":"https:\/\/shop.alunox.sk\/hu\/wp-json\/wp\/v2\/product"}],"about":[{"href":"https:\/\/shop.alunox.sk\/hu\/wp-json\/wp\/v2\/types\/product"}],"replies":[{"embeddable":true,"href":"https:\/\/shop.alunox.sk\/hu\/wp-json\/wp\/v2\/comments?post=7997"}],"wp:featuredmedia":[{"embeddable":true,"href":"https:\/\/shop.alunox.sk\/hu\/wp-json\/wp\/v2\/media\/7851"}],"wp:attachment":[{"href":"https:\/\/shop.alunox.sk\/hu\/wp-json\/wp\/v2\/media?parent=7997"}],"wp:term":[{"taxonomy":"product_cat","embeddable":true,"href":"https:\/\/shop.alunox.sk\/hu\/wp-json\/wp\/v2\/product_cat?post=7997"},{"taxonomy":"product_tag","embeddable":true,"href":"https:\/\/shop.alunox.sk\/hu\/wp-json\/wp\/v2\/product_tag?post=7997"}],"curies":[{"name":"wp","href":"https:\/\/api.w.org\/{rel}","templated":true}]}}