{"id":7996,"date":"2025-01-31T14:17:42","date_gmt":"2025-01-31T13:17:42","guid":{"rendered":"https:\/\/shop.alunox.sk\/produkt\/doraz-na-posuvnu-branu\/"},"modified":"2025-02-18T15:13:48","modified_gmt":"2025-02-18T14:13:48","slug":"doraz-na-posuvnu-branu","status":"publish","type":"product","link":"https:\/\/shop.alunox.sk\/hu\/termek\/doraz-na-posuvnu-branu\/","title":{"rendered":"Doraz na posuvn\u00fa br\u00e1nu"},"content":{"rendered":"<p>Doraz na posuvn\u00fa br\u00e1nu<\/p>","protected":false},"excerpt":{"rendered":"<p>Doraz na posuvn\u00fa br\u00e1nu<\/p>","protected":false},"featured_media":7837,"comment_status":"closed","ping_status":"open","template":"","meta":[],"product_cat":[49],"product_tag":[],"class_list":{"0":"post-7996","1":"product","2":"type-product","3":"status-publish","4":"has-post-thumbnail","6":"product_cat-dorazy-a-konzoly","7":"pa_dlzka-100","8":"pa_hmotnost-0537-kg","9":"pa_material-pozinkovana-ocel","10":"pa_vyska-125","12":"first","13":"instock","14":"taxable","15":"shipping-taxable","16":"purchasable","17":"product-type-simple"},"_links":{"self":[{"href":"https:\/\/shop.alunox.sk\/hu\/wp-json\/wp\/v2\/product\/7996","targetHints":{"allow":["GET"]}}],"collection":[{"href":"https:\/\/shop.alunox.sk\/hu\/wp-json\/wp\/v2\/product"}],"about":[{"href":"https:\/\/shop.alunox.sk\/hu\/wp-json\/wp\/v2\/types\/product"}],"replies":[{"embeddable":true,"href":"https:\/\/shop.alunox.sk\/hu\/wp-json\/wp\/v2\/comments?post=7996"}],"wp:featuredmedia":[{"embeddable":true,"href":"https:\/\/shop.alunox.sk\/hu\/wp-json\/wp\/v2\/media\/7837"}],"wp:attachment":[{"href":"https:\/\/shop.alunox.sk\/hu\/wp-json\/wp\/v2\/media?parent=7996"}],"wp:term":[{"taxonomy":"product_cat","embeddable":true,"href":"https:\/\/shop.alunox.sk\/hu\/wp-json\/wp\/v2\/product_cat?post=7996"},{"taxonomy":"product_tag","embeddable":true,"href":"https:\/\/shop.alunox.sk\/hu\/wp-json\/wp\/v2\/product_tag?post=7996"}],"curies":[{"name":"wp","href":"https:\/\/api.w.org\/{rel}","templated":true}]}}