{"id":7995,"date":"2025-01-31T14:17:42","date_gmt":"2025-01-31T13:17:42","guid":{"rendered":"https:\/\/shop.alunox.sk\/produkt\/nylonovy-vodiaci-valcek-o30-h-40mm-zavit-m12-pre-horne-vedenie-posuvnej-brany\/"},"modified":"2025-02-18T15:13:48","modified_gmt":"2025-02-18T14:13:48","slug":"nylonovy-vodiaci-valcek-o30-h-40mm-zavit-m12-pre-horne-vedenie-posuvnej-brany","status":"publish","type":"product","link":"https:\/\/shop.alunox.sk\/hu\/termek\/nylonovy-vodiaci-valcek-o30-h-40mm-zavit-m12-pre-horne-vedenie-posuvnej-brany\/","title":{"rendered":"Nylonov\u00fd vodiaci val\u010dek \u00f830, H-40mm, z\u00e1vit M12 pre horn\u00e9 vedenie posuvnej br\u00e1ny"},"content":{"rendered":"<p>Nylonov\u00fd vodiaci val\u010dek \u00f830, H-40mm, z\u00e1vit M12 pre horn\u00e9 vedenie posuvnej br\u00e1ny<\/p>","protected":false},"excerpt":{"rendered":"<p>Nylonov\u00fd vodiaci val\u010dek \u00f830, H-40mm, z\u00e1vit M12 pre horn\u00e9 vedenie posuvnej br\u00e1ny<\/p>","protected":false},"featured_media":7835,"comment_status":"closed","ping_status":"open","template":"","meta":[],"product_cat":[48],"product_tag":[],"class_list":{"0":"post-7995","1":"product","2":"type-product","3":"status-publish","4":"has-post-thumbnail","6":"product_cat-vedenia-brany","7":"pa_hmotnost-013-kg","9":"first","10":"instock","11":"taxable","12":"shipping-taxable","13":"purchasable","14":"product-type-simple"},"_links":{"self":[{"href":"https:\/\/shop.alunox.sk\/hu\/wp-json\/wp\/v2\/product\/7995","targetHints":{"allow":["GET"]}}],"collection":[{"href":"https:\/\/shop.alunox.sk\/hu\/wp-json\/wp\/v2\/product"}],"about":[{"href":"https:\/\/shop.alunox.sk\/hu\/wp-json\/wp\/v2\/types\/product"}],"replies":[{"embeddable":true,"href":"https:\/\/shop.alunox.sk\/hu\/wp-json\/wp\/v2\/comments?post=7995"}],"wp:featuredmedia":[{"embeddable":true,"href":"https:\/\/shop.alunox.sk\/hu\/wp-json\/wp\/v2\/media\/7835"}],"wp:attachment":[{"href":"https:\/\/shop.alunox.sk\/hu\/wp-json\/wp\/v2\/media?parent=7995"}],"wp:term":[{"taxonomy":"product_cat","embeddable":true,"href":"https:\/\/shop.alunox.sk\/hu\/wp-json\/wp\/v2\/product_cat?post=7995"},{"taxonomy":"product_tag","embeddable":true,"href":"https:\/\/shop.alunox.sk\/hu\/wp-json\/wp\/v2\/product_tag?post=7995"}],"curies":[{"name":"wp","href":"https:\/\/api.w.org\/{rel}","templated":true}]}}