{"id":7993,"date":"2025-01-31T14:17:36","date_gmt":"2025-01-31T13:17:36","guid":{"rendered":"https:\/\/shop.alunox.sk\/produkt\/doraz-koncovy-pre-kridlovu-branu-140x160mm\/"},"modified":"2025-02-18T15:13:48","modified_gmt":"2025-02-18T14:13:48","slug":"doraz-koncovy-pre-kridlovu-branu-140x160mm","status":"publish","type":"product","link":"https:\/\/shop.alunox.sk\/hu\/termek\/doraz-koncovy-pre-kridlovu-branu-140x160mm\/","title":{"rendered":"Doraz koncov\u00fd pre kr\u00eddlov\u00fa br\u00e1nu 140x160mm"},"content":{"rendered":"<p>Doraz koncov\u00fd pre kr\u00eddlov\u00fa br\u00e1nu 140x160mm<\/p>","protected":false},"excerpt":{"rendered":"<p>Doraz koncov\u00fd pre kr\u00eddlov\u00fa br\u00e1nu 140x160mm<\/p>","protected":false},"featured_media":7848,"comment_status":"closed","ping_status":"open","template":"","meta":[],"product_cat":[49],"product_tag":[],"class_list":{"0":"post-7993","1":"product","2":"type-product","3":"status-publish","4":"has-post-thumbnail","6":"product_cat-dorazy-a-konzoly","7":"pa_hmotnost-047-kg","8":"pa_material-pozinkovana-ocel","10":"first","11":"instock","12":"taxable","13":"shipping-taxable","14":"purchasable","15":"product-type-simple"},"_links":{"self":[{"href":"https:\/\/shop.alunox.sk\/hu\/wp-json\/wp\/v2\/product\/7993","targetHints":{"allow":["GET"]}}],"collection":[{"href":"https:\/\/shop.alunox.sk\/hu\/wp-json\/wp\/v2\/product"}],"about":[{"href":"https:\/\/shop.alunox.sk\/hu\/wp-json\/wp\/v2\/types\/product"}],"replies":[{"embeddable":true,"href":"https:\/\/shop.alunox.sk\/hu\/wp-json\/wp\/v2\/comments?post=7993"}],"wp:featuredmedia":[{"embeddable":true,"href":"https:\/\/shop.alunox.sk\/hu\/wp-json\/wp\/v2\/media\/7848"}],"wp:attachment":[{"href":"https:\/\/shop.alunox.sk\/hu\/wp-json\/wp\/v2\/media?parent=7993"}],"wp:term":[{"taxonomy":"product_cat","embeddable":true,"href":"https:\/\/shop.alunox.sk\/hu\/wp-json\/wp\/v2\/product_cat?post=7993"},{"taxonomy":"product_tag","embeddable":true,"href":"https:\/\/shop.alunox.sk\/hu\/wp-json\/wp\/v2\/product_tag?post=7993"}],"curies":[{"name":"wp","href":"https:\/\/api.w.org\/{rel}","templated":true}]}}