{"id":7981,"date":"2025-01-31T14:17:36","date_gmt":"2025-01-31T13:17:36","guid":{"rendered":"https:\/\/shop.alunox.sk\/produkt\/rezny-kotuc-na-hlinik-125x1x2223\/"},"modified":"2025-02-18T15:13:47","modified_gmt":"2025-02-18T14:13:47","slug":"rezny-kotuc-na-hlinik-125x1x2223","status":"publish","type":"product","link":"https:\/\/shop.alunox.sk\/hu\/termek\/rezny-kotuc-na-hlinik-125x1x2223\/","title":{"rendered":"Rezn\u00fd kot\u00fa\u010d na hlin\u00edk 125x1x22,23"},"content":{"rendered":"<p>Rezn\u00fd kot\u00fa\u010d na hlin\u00edk 125x1x22,23<\/p>","protected":false},"excerpt":{"rendered":"<p>Rezn\u00fd kot\u00fa\u010d na hlin\u00edk 125x1x22,23<\/p>","protected":false},"featured_media":7823,"comment_status":"closed","ping_status":"open","template":"","meta":[],"product_cat":[52],"product_tag":[],"class_list":{"0":"post-7981","1":"product","2":"type-product","3":"status-publish","4":"has-post-thumbnail","6":"product_cat-dielna","7":"pa_hmotnost-0028-kg","9":"first","10":"instock","11":"taxable","12":"shipping-taxable","13":"purchasable","14":"product-type-simple"},"_links":{"self":[{"href":"https:\/\/shop.alunox.sk\/hu\/wp-json\/wp\/v2\/product\/7981","targetHints":{"allow":["GET"]}}],"collection":[{"href":"https:\/\/shop.alunox.sk\/hu\/wp-json\/wp\/v2\/product"}],"about":[{"href":"https:\/\/shop.alunox.sk\/hu\/wp-json\/wp\/v2\/types\/product"}],"replies":[{"embeddable":true,"href":"https:\/\/shop.alunox.sk\/hu\/wp-json\/wp\/v2\/comments?post=7981"}],"wp:featuredmedia":[{"embeddable":true,"href":"https:\/\/shop.alunox.sk\/hu\/wp-json\/wp\/v2\/media\/7823"}],"wp:attachment":[{"href":"https:\/\/shop.alunox.sk\/hu\/wp-json\/wp\/v2\/media?parent=7981"}],"wp:term":[{"taxonomy":"product_cat","embeddable":true,"href":"https:\/\/shop.alunox.sk\/hu\/wp-json\/wp\/v2\/product_cat?post=7981"},{"taxonomy":"product_tag","embeddable":true,"href":"https:\/\/shop.alunox.sk\/hu\/wp-json\/wp\/v2\/product_tag?post=7981"}],"curies":[{"name":"wp","href":"https:\/\/api.w.org\/{rel}","templated":true}]}}