{"id":7980,"date":"2025-01-31T14:17:36","date_gmt":"2025-01-31T13:17:36","guid":{"rendered":"https:\/\/shop.alunox.sk\/produkt\/trhaci-nit-farebny-4x10-zapustena-hlava\/"},"modified":"2025-02-18T15:13:47","modified_gmt":"2025-02-18T14:13:47","slug":"trhaci-nit-farebny-4x10-zapustena-hlava","status":"publish","type":"product","link":"https:\/\/shop.alunox.sk\/hu\/termek\/trhaci-nit-farebny-4x10-zapustena-hlava\/","title":{"rendered":"Trhac\u00ed nit farebn\u00fd 4&#215;10 zapusten\u00e1 hlava"},"content":{"rendered":"<p>Trhac\u00ed nit farebn\u00fd 4&#215;10 zapusten\u00e1 hlava<\/p>","protected":false},"excerpt":{"rendered":"<p>Trhac\u00ed nit farebn\u00fd 4&#215;10 zapusten\u00e1 hlava<\/p>","protected":false},"featured_media":7820,"comment_status":"closed","ping_status":"open","template":"","meta":[],"product_cat":[47],"product_tag":[],"class_list":{"0":"post-7980","1":"product","2":"type-product","3":"status-publish","4":"has-post-thumbnail","6":"product_cat-spojovaci-material","7":"pa_hmotnost-0001-kg","8":"pa_material-hlinik","10":"first","11":"instock","12":"taxable","13":"shipping-taxable","14":"purchasable","15":"product-type-simple"},"_links":{"self":[{"href":"https:\/\/shop.alunox.sk\/hu\/wp-json\/wp\/v2\/product\/7980","targetHints":{"allow":["GET"]}}],"collection":[{"href":"https:\/\/shop.alunox.sk\/hu\/wp-json\/wp\/v2\/product"}],"about":[{"href":"https:\/\/shop.alunox.sk\/hu\/wp-json\/wp\/v2\/types\/product"}],"replies":[{"embeddable":true,"href":"https:\/\/shop.alunox.sk\/hu\/wp-json\/wp\/v2\/comments?post=7980"}],"wp:featuredmedia":[{"embeddable":true,"href":"https:\/\/shop.alunox.sk\/hu\/wp-json\/wp\/v2\/media\/7820"}],"wp:attachment":[{"href":"https:\/\/shop.alunox.sk\/hu\/wp-json\/wp\/v2\/media?parent=7980"}],"wp:term":[{"taxonomy":"product_cat","embeddable":true,"href":"https:\/\/shop.alunox.sk\/hu\/wp-json\/wp\/v2\/product_cat?post=7980"},{"taxonomy":"product_tag","embeddable":true,"href":"https:\/\/shop.alunox.sk\/hu\/wp-json\/wp\/v2\/product_tag?post=7980"}],"curies":[{"name":"wp","href":"https:\/\/api.w.org\/{rel}","templated":true}]}}