{"id":7978,"date":"2025-01-31T14:17:36","date_gmt":"2025-01-31T13:17:36","guid":{"rendered":"https:\/\/shop.alunox.sk\/produkt\/hlinikova-zatka-na-stlp-120x80x3\/"},"modified":"2025-02-18T15:13:47","modified_gmt":"2025-02-18T14:13:47","slug":"hlinikova-zatka-na-stlp-120x80x3","status":"publish","type":"product","link":"https:\/\/shop.alunox.sk\/hu\/termek\/hlinikova-zatka-na-stlp-120x80x3\/","title":{"rendered":"Hlin\u00edkov\u00e1 z\u00e1tka na stlp 120x80x3"},"content":{"rendered":"<p>Hlin\u00edkov\u00e1 z\u00e1tka na stlp 120x80x3<\/p>","protected":false},"excerpt":{"rendered":"<p>Hlin\u00edkov\u00e1 z\u00e1tka na stlp 120x80x3<\/p>","protected":false},"featured_media":7922,"comment_status":"closed","ping_status":"open","template":"","meta":[],"product_cat":[51],"product_tag":[],"class_list":{"0":"post-7978","1":"product","2":"type-product","3":"status-publish","4":"has-post-thumbnail","6":"product_cat-zatky-a-striesky","7":"pa_hmotnost-016-kg","8":"pa_material-hlinik","10":"first","11":"instock","12":"taxable","13":"shipping-taxable","14":"purchasable","15":"product-type-simple"},"_links":{"self":[{"href":"https:\/\/shop.alunox.sk\/hu\/wp-json\/wp\/v2\/product\/7978","targetHints":{"allow":["GET"]}}],"collection":[{"href":"https:\/\/shop.alunox.sk\/hu\/wp-json\/wp\/v2\/product"}],"about":[{"href":"https:\/\/shop.alunox.sk\/hu\/wp-json\/wp\/v2\/types\/product"}],"replies":[{"embeddable":true,"href":"https:\/\/shop.alunox.sk\/hu\/wp-json\/wp\/v2\/comments?post=7978"}],"wp:featuredmedia":[{"embeddable":true,"href":"https:\/\/shop.alunox.sk\/hu\/wp-json\/wp\/v2\/media\/7922"}],"wp:attachment":[{"href":"https:\/\/shop.alunox.sk\/hu\/wp-json\/wp\/v2\/media?parent=7978"}],"wp:term":[{"taxonomy":"product_cat","embeddable":true,"href":"https:\/\/shop.alunox.sk\/hu\/wp-json\/wp\/v2\/product_cat?post=7978"},{"taxonomy":"product_tag","embeddable":true,"href":"https:\/\/shop.alunox.sk\/hu\/wp-json\/wp\/v2\/product_tag?post=7978"}],"curies":[{"name":"wp","href":"https:\/\/api.w.org\/{rel}","templated":true}]}}