{"id":7968,"date":"2025-01-31T14:17:30","date_gmt":"2025-01-31T13:17:30","guid":{"rendered":"https:\/\/shop.alunox.sk\/produkt\/priruba-na-stlp-100x100-stredny\/"},"modified":"2025-02-18T15:13:47","modified_gmt":"2025-02-18T14:13:47","slug":"priruba-na-stlp-100x100-stredny","status":"publish","type":"product","link":"https:\/\/shop.alunox.sk\/hu\/termek\/priruba-na-stlp-100x100-stredny\/","title":{"rendered":"Pr\u00edruba na st\u013ep 100&#215;100 stredn\u00fd"},"content":{"rendered":"<p>Pr\u00edruba na st\u013ep 100&#215;100 stredn\u00fd<\/p>","protected":false},"excerpt":{"rendered":"<p>Pr\u00edruba na st\u013ep 100&#215;100 stredn\u00fd<\/p>","protected":false},"featured_media":7826,"comment_status":"closed","ping_status":"open","template":"","meta":[],"product_cat":[50],"product_tag":[],"class_list":{"0":"post-7968","1":"product","2":"type-product","3":"status-publish","4":"has-post-thumbnail","6":"product_cat-priruby-na-stlp","7":"pa_hmotnost-08-kg","8":"pa_material-hlinik","10":"first","11":"instock","12":"taxable","13":"shipping-taxable","14":"purchasable","15":"product-type-simple"},"_links":{"self":[{"href":"https:\/\/shop.alunox.sk\/hu\/wp-json\/wp\/v2\/product\/7968","targetHints":{"allow":["GET"]}}],"collection":[{"href":"https:\/\/shop.alunox.sk\/hu\/wp-json\/wp\/v2\/product"}],"about":[{"href":"https:\/\/shop.alunox.sk\/hu\/wp-json\/wp\/v2\/types\/product"}],"replies":[{"embeddable":true,"href":"https:\/\/shop.alunox.sk\/hu\/wp-json\/wp\/v2\/comments?post=7968"}],"wp:featuredmedia":[{"embeddable":true,"href":"https:\/\/shop.alunox.sk\/hu\/wp-json\/wp\/v2\/media\/7826"}],"wp:attachment":[{"href":"https:\/\/shop.alunox.sk\/hu\/wp-json\/wp\/v2\/media?parent=7968"}],"wp:term":[{"taxonomy":"product_cat","embeddable":true,"href":"https:\/\/shop.alunox.sk\/hu\/wp-json\/wp\/v2\/product_cat?post=7968"},{"taxonomy":"product_tag","embeddable":true,"href":"https:\/\/shop.alunox.sk\/hu\/wp-json\/wp\/v2\/product_tag?post=7968"}],"curies":[{"name":"wp","href":"https:\/\/api.w.org\/{rel}","templated":true}]}}