{"id":7965,"date":"2025-01-31T14:17:30","date_gmt":"2025-01-31T13:17:30","guid":{"rendered":"https:\/\/shop.alunox.sk\/produkt\/chemicka-kotva-zimna-300ml\/"},"modified":"2025-02-18T15:13:47","modified_gmt":"2025-02-18T14:13:47","slug":"chemicka-kotva-zimna-300ml","status":"publish","type":"product","link":"https:\/\/shop.alunox.sk\/hu\/termek\/chemicka-kotva-zimna-300ml\/","title":{"rendered":"Chemick\u00e1 kotva zimn\u00e1 300ml"},"content":{"rendered":"<p>Chemick\u00e1 kotva zimn\u00e1 300ml<\/p>","protected":false},"excerpt":{"rendered":"<p>Chemick\u00e1 kotva zimn\u00e1 300ml<\/p>","protected":false},"featured_media":7832,"comment_status":"closed","ping_status":"open","template":"","meta":[],"product_cat":[47],"product_tag":[],"class_list":{"0":"post-7965","1":"product","2":"type-product","3":"status-publish","4":"has-post-thumbnail","6":"product_cat-spojovaci-material","7":"pa_hmotnost-0612-kg","9":"first","10":"instock","11":"taxable","12":"shipping-taxable","13":"purchasable","14":"product-type-simple"},"_links":{"self":[{"href":"https:\/\/shop.alunox.sk\/hu\/wp-json\/wp\/v2\/product\/7965","targetHints":{"allow":["GET"]}}],"collection":[{"href":"https:\/\/shop.alunox.sk\/hu\/wp-json\/wp\/v2\/product"}],"about":[{"href":"https:\/\/shop.alunox.sk\/hu\/wp-json\/wp\/v2\/types\/product"}],"replies":[{"embeddable":true,"href":"https:\/\/shop.alunox.sk\/hu\/wp-json\/wp\/v2\/comments?post=7965"}],"wp:featuredmedia":[{"embeddable":true,"href":"https:\/\/shop.alunox.sk\/hu\/wp-json\/wp\/v2\/media\/7832"}],"wp:attachment":[{"href":"https:\/\/shop.alunox.sk\/hu\/wp-json\/wp\/v2\/media?parent=7965"}],"wp:term":[{"taxonomy":"product_cat","embeddable":true,"href":"https:\/\/shop.alunox.sk\/hu\/wp-json\/wp\/v2\/product_cat?post=7965"},{"taxonomy":"product_tag","embeddable":true,"href":"https:\/\/shop.alunox.sk\/hu\/wp-json\/wp\/v2\/product_tag?post=7965"}],"curies":[{"name":"wp","href":"https:\/\/api.w.org\/{rel}","templated":true}]}}