{"id":7963,"date":"2025-01-31T14:17:30","date_gmt":"2025-01-31T13:17:30","guid":{"rendered":"https:\/\/shop.alunox.sk\/produkt\/miesavaci-hrot-pre-konstrukcne-lepidlo\/"},"modified":"2025-02-18T15:13:47","modified_gmt":"2025-02-18T14:13:47","slug":"miesavaci-hrot-pre-konstrukcne-lepidlo","status":"publish","type":"product","link":"https:\/\/shop.alunox.sk\/hu\/termek\/miesavaci-hrot-pre-konstrukcne-lepidlo\/","title":{"rendered":"Mie\u0161\u00e1vac\u00ed hrot pre kon\u0161truk\u010dn\u00e9 lepidlo"},"content":{"rendered":"<p>Mie\u0161\u00e1vac\u00ed hrot pre kon\u0161truk\u010dn\u00e9 lepidlo<\/p>","protected":false},"excerpt":{"rendered":"<p>Mie\u0161\u00e1vac\u00ed hrot pre kon\u0161truk\u010dn\u00e9 lepidlo<\/p>","protected":false},"featured_media":7815,"comment_status":"closed","ping_status":"open","template":"","meta":[],"product_cat":[47],"product_tag":[],"class_list":{"0":"post-7963","1":"product","2":"type-product","3":"status-publish","4":"has-post-thumbnail","6":"product_cat-spojovaci-material","7":"pa_hmotnost-0003-kg","8":"pa_material-plast","10":"first","11":"instock","12":"taxable","13":"shipping-taxable","14":"purchasable","15":"product-type-simple"},"_links":{"self":[{"href":"https:\/\/shop.alunox.sk\/hu\/wp-json\/wp\/v2\/product\/7963","targetHints":{"allow":["GET"]}}],"collection":[{"href":"https:\/\/shop.alunox.sk\/hu\/wp-json\/wp\/v2\/product"}],"about":[{"href":"https:\/\/shop.alunox.sk\/hu\/wp-json\/wp\/v2\/types\/product"}],"replies":[{"embeddable":true,"href":"https:\/\/shop.alunox.sk\/hu\/wp-json\/wp\/v2\/comments?post=7963"}],"wp:featuredmedia":[{"embeddable":true,"href":"https:\/\/shop.alunox.sk\/hu\/wp-json\/wp\/v2\/media\/7815"}],"wp:attachment":[{"href":"https:\/\/shop.alunox.sk\/hu\/wp-json\/wp\/v2\/media?parent=7963"}],"wp:term":[{"taxonomy":"product_cat","embeddable":true,"href":"https:\/\/shop.alunox.sk\/hu\/wp-json\/wp\/v2\/product_cat?post=7963"},{"taxonomy":"product_tag","embeddable":true,"href":"https:\/\/shop.alunox.sk\/hu\/wp-json\/wp\/v2\/product_tag?post=7963"}],"curies":[{"name":"wp","href":"https:\/\/api.w.org\/{rel}","templated":true}]}}