{"id":7960,"date":"2025-01-31T14:17:30","date_gmt":"2025-01-31T13:17:30","guid":{"rendered":"https:\/\/shop.alunox.sk\/produkt\/hmozdenka-univerzalna-so-skrutkou-10x100\/"},"modified":"2025-02-18T15:13:46","modified_gmt":"2025-02-18T14:13:46","slug":"hmozdenka-univerzalna-so-skrutkou-10x100","status":"publish","type":"product","link":"https:\/\/shop.alunox.sk\/hu\/termek\/hmozdenka-univerzalna-so-skrutkou-10x100\/","title":{"rendered":"Hmo\u017edenka univerz\u00e1lna so skrutkou 10&#215;100"},"content":{"rendered":"<p>Hmo\u017edenka univerz\u00e1lna so skrutkou 10&#215;100<\/p>","protected":false},"excerpt":{"rendered":"<p>Hmo\u017edenka univerz\u00e1lna so skrutkou 10&#215;100<\/p>","protected":false},"featured_media":7813,"comment_status":"closed","ping_status":"open","template":"","meta":[],"product_cat":[47],"product_tag":[],"class_list":{"0":"post-7960","1":"product","2":"type-product","3":"status-publish","4":"has-post-thumbnail","6":"product_cat-spojovaci-material","7":"pa_dlzka-100","8":"pa_hmotnost-004-kg","9":"pa_material-pozinkovana-ocel-plast","11":"first","12":"instock","13":"taxable","14":"shipping-taxable","15":"purchasable","16":"product-type-simple"},"_links":{"self":[{"href":"https:\/\/shop.alunox.sk\/hu\/wp-json\/wp\/v2\/product\/7960","targetHints":{"allow":["GET"]}}],"collection":[{"href":"https:\/\/shop.alunox.sk\/hu\/wp-json\/wp\/v2\/product"}],"about":[{"href":"https:\/\/shop.alunox.sk\/hu\/wp-json\/wp\/v2\/types\/product"}],"replies":[{"embeddable":true,"href":"https:\/\/shop.alunox.sk\/hu\/wp-json\/wp\/v2\/comments?post=7960"}],"wp:featuredmedia":[{"embeddable":true,"href":"https:\/\/shop.alunox.sk\/hu\/wp-json\/wp\/v2\/media\/7813"}],"wp:attachment":[{"href":"https:\/\/shop.alunox.sk\/hu\/wp-json\/wp\/v2\/media?parent=7960"}],"wp:term":[{"taxonomy":"product_cat","embeddable":true,"href":"https:\/\/shop.alunox.sk\/hu\/wp-json\/wp\/v2\/product_cat?post=7960"},{"taxonomy":"product_tag","embeddable":true,"href":"https:\/\/shop.alunox.sk\/hu\/wp-json\/wp\/v2\/product_tag?post=7960"}],"curies":[{"name":"wp","href":"https:\/\/api.w.org\/{rel}","templated":true}]}}