{"id":7952,"date":"2025-01-31T14:17:24","date_gmt":"2025-01-31T13:17:24","guid":{"rendered":"https:\/\/shop.alunox.sk\/produkt\/skrutka-metricka-limcova-m8x25-din-6921-a2\/"},"modified":"2025-02-18T15:13:46","modified_gmt":"2025-02-18T14:13:46","slug":"skrutka-metricka-limcova-m8x25-din-6921-a2","status":"publish","type":"product","link":"https:\/\/shop.alunox.sk\/hu\/termek\/skrutka-metricka-limcova-m8x25-din-6921-a2\/","title":{"rendered":"Skrutka metrick\u00e1 l\u00edmcov\u00e1 M8x25 DIN 6921, A2"},"content":{"rendered":"<p>Skrutka metrick\u00e1 l\u00edmcov\u00e1 M8x25 DIN 6921, A2<\/p>","protected":false},"excerpt":{"rendered":"<p>Skrutka metrick\u00e1 l\u00edmcov\u00e1 M8x25 DIN 6921, A2<\/p>","protected":false},"featured_media":7856,"comment_status":"closed","ping_status":"open","template":"","meta":[],"product_cat":[47],"product_tag":[],"class_list":{"0":"post-7952","1":"product","2":"type-product","3":"status-publish","4":"has-post-thumbnail","6":"product_cat-spojovaci-material","7":"pa_dlzka-82","8":"pa_hmotnost-0017-kg","9":"pa_material-nerez","11":"first","12":"instock","13":"taxable","14":"shipping-taxable","15":"purchasable","16":"product-type-simple"},"_links":{"self":[{"href":"https:\/\/shop.alunox.sk\/hu\/wp-json\/wp\/v2\/product\/7952","targetHints":{"allow":["GET"]}}],"collection":[{"href":"https:\/\/shop.alunox.sk\/hu\/wp-json\/wp\/v2\/product"}],"about":[{"href":"https:\/\/shop.alunox.sk\/hu\/wp-json\/wp\/v2\/types\/product"}],"replies":[{"embeddable":true,"href":"https:\/\/shop.alunox.sk\/hu\/wp-json\/wp\/v2\/comments?post=7952"}],"wp:featuredmedia":[{"embeddable":true,"href":"https:\/\/shop.alunox.sk\/hu\/wp-json\/wp\/v2\/media\/7856"}],"wp:attachment":[{"href":"https:\/\/shop.alunox.sk\/hu\/wp-json\/wp\/v2\/media?parent=7952"}],"wp:term":[{"taxonomy":"product_cat","embeddable":true,"href":"https:\/\/shop.alunox.sk\/hu\/wp-json\/wp\/v2\/product_cat?post=7952"},{"taxonomy":"product_tag","embeddable":true,"href":"https:\/\/shop.alunox.sk\/hu\/wp-json\/wp\/v2\/product_tag?post=7952"}],"curies":[{"name":"wp","href":"https:\/\/api.w.org\/{rel}","templated":true}]}}