{"id":7945,"date":"2025-01-31T14:17:24","date_gmt":"2025-01-31T13:17:24","guid":{"rendered":"https:\/\/shop.alunox.sk\/produkt\/matka-limcova-m8-din-6923-a2\/"},"modified":"2025-02-18T15:13:46","modified_gmt":"2025-02-18T14:13:46","slug":"matka-limcova-m8-din-6923-a2","status":"publish","type":"product","link":"https:\/\/shop.alunox.sk\/hu\/termek\/matka-limcova-m8-din-6923-a2\/","title":{"rendered":"Matka l\u00edmcov\u00e1 M8 DIN 6923, A2"},"content":{"rendered":"<p>Matka l\u00edmcov\u00e1 M8 DIN 6923, A2<\/p>","protected":false},"excerpt":{"rendered":"<p>Matka l\u00edmcov\u00e1 M8 DIN 6923, A2<\/p>","protected":false},"featured_media":7803,"comment_status":"closed","ping_status":"open","template":"","meta":[],"product_cat":[47],"product_tag":[],"class_list":{"0":"post-7945","1":"product","2":"type-product","3":"status-publish","4":"has-post-thumbnail","6":"product_cat-spojovaci-material","7":"pa_hmotnost-0007-kg","8":"pa_material-nerez","10":"first","11":"instock","12":"taxable","13":"shipping-taxable","14":"purchasable","15":"product-type-simple"},"_links":{"self":[{"href":"https:\/\/shop.alunox.sk\/hu\/wp-json\/wp\/v2\/product\/7945","targetHints":{"allow":["GET"]}}],"collection":[{"href":"https:\/\/shop.alunox.sk\/hu\/wp-json\/wp\/v2\/product"}],"about":[{"href":"https:\/\/shop.alunox.sk\/hu\/wp-json\/wp\/v2\/types\/product"}],"replies":[{"embeddable":true,"href":"https:\/\/shop.alunox.sk\/hu\/wp-json\/wp\/v2\/comments?post=7945"}],"wp:featuredmedia":[{"embeddable":true,"href":"https:\/\/shop.alunox.sk\/hu\/wp-json\/wp\/v2\/media\/7803"}],"wp:attachment":[{"href":"https:\/\/shop.alunox.sk\/hu\/wp-json\/wp\/v2\/media?parent=7945"}],"wp:term":[{"taxonomy":"product_cat","embeddable":true,"href":"https:\/\/shop.alunox.sk\/hu\/wp-json\/wp\/v2\/product_cat?post=7945"},{"taxonomy":"product_tag","embeddable":true,"href":"https:\/\/shop.alunox.sk\/hu\/wp-json\/wp\/v2\/product_tag?post=7945"}],"curies":[{"name":"wp","href":"https:\/\/api.w.org\/{rel}","templated":true}]}}