{"id":7941,"date":"2025-01-31T14:17:24","date_gmt":"2025-01-31T13:17:24","guid":{"rendered":"https:\/\/shop.alunox.sk\/produkt\/betonova-kontva-m10x120mm\/"},"modified":"2025-02-18T15:13:45","modified_gmt":"2025-02-18T14:13:45","slug":"betonova-kontva-m10x120mm","status":"publish","type":"product","link":"https:\/\/shop.alunox.sk\/hu\/termek\/betonova-kontva-m10x120mm\/","title":{"rendered":"Bet\u00f3nov\u00e1 kontva M10x120mm"},"content":{"rendered":"<p>Bet\u00f3nov\u00e1 kontva M10x120mm<\/p>","protected":false},"excerpt":{"rendered":"<p>Bet\u00f3nov\u00e1 kontva M10x120mm<\/p>","protected":false},"featured_media":7812,"comment_status":"closed","ping_status":"open","template":"","meta":[],"product_cat":[47],"product_tag":[],"class_list":{"0":"post-7941","1":"product","2":"type-product","3":"status-publish","4":"has-post-thumbnail","6":"product_cat-spojovaci-material","7":"pa_dlzka-77","8":"pa_hmotnost-0072-kg","9":"pa_material-pozinkovana-ocel","11":"first","12":"instock","13":"taxable","14":"shipping-taxable","15":"purchasable","16":"product-type-simple"},"_links":{"self":[{"href":"https:\/\/shop.alunox.sk\/hu\/wp-json\/wp\/v2\/product\/7941","targetHints":{"allow":["GET"]}}],"collection":[{"href":"https:\/\/shop.alunox.sk\/hu\/wp-json\/wp\/v2\/product"}],"about":[{"href":"https:\/\/shop.alunox.sk\/hu\/wp-json\/wp\/v2\/types\/product"}],"replies":[{"embeddable":true,"href":"https:\/\/shop.alunox.sk\/hu\/wp-json\/wp\/v2\/comments?post=7941"}],"wp:featuredmedia":[{"embeddable":true,"href":"https:\/\/shop.alunox.sk\/hu\/wp-json\/wp\/v2\/media\/7812"}],"wp:attachment":[{"href":"https:\/\/shop.alunox.sk\/hu\/wp-json\/wp\/v2\/media?parent=7941"}],"wp:term":[{"taxonomy":"product_cat","embeddable":true,"href":"https:\/\/shop.alunox.sk\/hu\/wp-json\/wp\/v2\/product_cat?post=7941"},{"taxonomy":"product_tag","embeddable":true,"href":"https:\/\/shop.alunox.sk\/hu\/wp-json\/wp\/v2\/product_tag?post=7941"}],"curies":[{"name":"wp","href":"https:\/\/api.w.org\/{rel}","templated":true}]}}