{"id":7937,"date":"2025-01-31T14:17:24","date_gmt":"2025-01-31T13:17:24","guid":{"rendered":"https:\/\/shop.alunox.sk\/produkt\/nerezovy-pant-nastavytelny-nahradny-diel-m16x77mm\/"},"modified":"2025-02-18T15:13:45","modified_gmt":"2025-02-18T14:13:45","slug":"nerezovy-pant-nastavytelny-nahradny-diel-m16x77mm","status":"publish","type":"product","link":"https:\/\/shop.alunox.sk\/hu\/termek\/nerezovy-pant-nastavytelny-nahradny-diel-m16x77mm\/","title":{"rendered":"Nerezov\u00fd pant nastavyteln\u00fd &#8211; n\u00e1hradn\u00fd diel M16x77mm"},"content":{"rendered":"<p>Nerezov\u00fd pant nastavyteln\u00fd &#8211; n\u00e1hradn\u00fd diel M16x77mm<\/p>","protected":false},"excerpt":{"rendered":"<p>Nerezov\u00fd pant nastavyteln\u00fd &#8211; n\u00e1hradn\u00fd diel M16x77mm<\/p>","protected":false},"featured_media":7819,"comment_status":"closed","ping_status":"open","template":"","meta":[],"product_cat":[46],"product_tag":[],"class_list":{"0":"post-7937","1":"product","2":"type-product","3":"status-publish","4":"has-post-thumbnail","6":"product_cat-panty","7":"pa_dlzka-68","8":"pa_hmotnost-012-kg","9":"pa_material-nerez","11":"first","12":"instock","13":"taxable","14":"shipping-taxable","15":"purchasable","16":"product-type-simple"},"_links":{"self":[{"href":"https:\/\/shop.alunox.sk\/hu\/wp-json\/wp\/v2\/product\/7937","targetHints":{"allow":["GET"]}}],"collection":[{"href":"https:\/\/shop.alunox.sk\/hu\/wp-json\/wp\/v2\/product"}],"about":[{"href":"https:\/\/shop.alunox.sk\/hu\/wp-json\/wp\/v2\/types\/product"}],"replies":[{"embeddable":true,"href":"https:\/\/shop.alunox.sk\/hu\/wp-json\/wp\/v2\/comments?post=7937"}],"wp:featuredmedia":[{"embeddable":true,"href":"https:\/\/shop.alunox.sk\/hu\/wp-json\/wp\/v2\/media\/7819"}],"wp:attachment":[{"href":"https:\/\/shop.alunox.sk\/hu\/wp-json\/wp\/v2\/media?parent=7937"}],"wp:term":[{"taxonomy":"product_cat","embeddable":true,"href":"https:\/\/shop.alunox.sk\/hu\/wp-json\/wp\/v2\/product_cat?post=7937"},{"taxonomy":"product_tag","embeddable":true,"href":"https:\/\/shop.alunox.sk\/hu\/wp-json\/wp\/v2\/product_tag?post=7937"}],"curies":[{"name":"wp","href":"https:\/\/api.w.org\/{rel}","templated":true}]}}