{"id":7936,"date":"2025-01-31T14:17:24","date_gmt":"2025-01-31T13:17:24","guid":{"rendered":"https:\/\/shop.alunox.sk\/produkt\/nerezovy-pant-nastavytelny-nahradny-plech-na-branu\/"},"modified":"2025-02-24T07:09:42","modified_gmt":"2025-02-24T06:09:42","slug":"nerezovy-pant-nastavytelny-nahradny-plech-na-branu","status":"publish","type":"product","link":"https:\/\/shop.alunox.sk\/hu\/termek\/nerezovy-pant-nastavytelny-nahradny-plech-na-branu\/","title":{"rendered":"Nerezov\u00fd pant nastavyteln\u00fd &#8211; n\u00e1hradn\u00fd plech na br\u00e1nu"},"content":{"rendered":"<p>Nerezov\u00fd pant nastavyteln\u00fd &#8211; n\u00e1hradn\u00fd plech na br\u00e1nu<\/p>","protected":false},"excerpt":{"rendered":"<p>Nerezov\u00fd pant nastavyteln\u00fd &#8211; n\u00e1hradn\u00fd plech na br\u00e1nu<\/p>","protected":false},"featured_media":8135,"comment_status":"closed","ping_status":"closed","template":"","meta":[],"product_cat":[46],"product_tag":[],"class_list":{"0":"post-7936","1":"product","2":"type-product","3":"status-publish","4":"has-post-thumbnail","6":"product_cat-panty","7":"pa_hmotnost-67","8":"pa_material-nerez","9":"pa_vyska-63","11":"first","12":"instock","13":"taxable","14":"shipping-taxable","15":"purchasable","16":"product-type-simple"},"_links":{"self":[{"href":"https:\/\/shop.alunox.sk\/hu\/wp-json\/wp\/v2\/product\/7936","targetHints":{"allow":["GET"]}}],"collection":[{"href":"https:\/\/shop.alunox.sk\/hu\/wp-json\/wp\/v2\/product"}],"about":[{"href":"https:\/\/shop.alunox.sk\/hu\/wp-json\/wp\/v2\/types\/product"}],"replies":[{"embeddable":true,"href":"https:\/\/shop.alunox.sk\/hu\/wp-json\/wp\/v2\/comments?post=7936"}],"wp:featuredmedia":[{"embeddable":true,"href":"https:\/\/shop.alunox.sk\/hu\/wp-json\/wp\/v2\/media\/8135"}],"wp:attachment":[{"href":"https:\/\/shop.alunox.sk\/hu\/wp-json\/wp\/v2\/media?parent=7936"}],"wp:term":[{"taxonomy":"product_cat","embeddable":true,"href":"https:\/\/shop.alunox.sk\/hu\/wp-json\/wp\/v2\/product_cat?post=7936"},{"taxonomy":"product_tag","embeddable":true,"href":"https:\/\/shop.alunox.sk\/hu\/wp-json\/wp\/v2\/product_tag?post=7936"}],"curies":[{"name":"wp","href":"https:\/\/api.w.org\/{rel}","templated":true}]}}